{"id":7036,"date":"2025-10-01T20:08:07","date_gmt":"2025-10-02T03:08:07","guid":{"rendered":"https:\/\/thebreakthruco.com\/seminarios\/"},"modified":"2026-02-02T18:35:58","modified_gmt":"2026-02-03T02:35:58","slug":"seminarios","status":"publish","type":"page","link":"https:\/\/thebreakthruco.com\/es\/seminarios\/","title":{"rendered":"Seminarios"},"content":{"rendered":"\n\n\t<nav id=\"breadcrumbs\" aria-label=\"Breadcrumbs\"><a href=\"https:\/\/thebreakthruco.com\/es\/inicio\/\">Home<\/a> \u00bb Seminarios<\/nav>\n\t<iframe allowfullscreen allow=\"autoplay\" data-src=\"https:\/\/player.vimeo.com\/video\/1049134611?color&amp;autopause=0&amp;loop=0&amp;muted=0&amp;title=0&amp;portrait=0&amp;byline=0&amp;h\"><\/iframe>\t\t\n\t\t\t\t\tPlay Video\n\t<p>la fundaci\u00f3n<\/p>\n<h2>\n\t\t\tno vuelvas a hacer una audici\u00f3n de la misma manera.\t<\/h2>\n\t<p><strong>The Foundation es un v\u00eddeo introductorio GRATUITO de 30 minutos<\/strong> que comparte la filosof\u00eda \u00fanica de Gil e ilustra por qu\u00e9 ha podido ayudar constantemente a los actores a ofrecer interpretaciones notables y aut\u00e9nticas a lo largo de su carrera.<\/p>\n\t\t\t<a href=\"#popmake-7238\"  target=\"_self\">\n\t\t\t\t\t\t\tDescargar gratis\n\t\t\t\t\t<\/a>\n\n","protected":false},"excerpt":{"rendered":"<p>Home \u00bb Seminarios Play Video la fundaci\u00f3n no vuelvas a hacer una audici\u00f3n de la misma manera. The Foundation es un v\u00eddeo introductorio GRATUITO de 30 minutos que comparte la filosof\u00eda \u00fanica de Gil e ilustra por qu\u00e9 ha podido ayudar constantemente a los actores a ofrecer interpretaciones notables y aut\u00e9nticas a lo largo de&hellip;<\/p>\n","protected":false},"author":4,"featured_media":7008,"parent":0,"menu_order":0,"comment_status":"closed","ping_status":"closed","template":"","meta":{"inline_featured_image":false,"footnotes":""},"class_list":["post-7036","page","type-page","status-publish","has-post-thumbnail","hentry"],"yoast_head":"<!-- This site is optimized with the Yoast SEO plugin v27.3 - https:\/\/yoast.com\/product\/yoast-seo-wordpress\/ -->\n<title>Seminarios - The Breakthru Co<\/title>\n<meta name=\"robots\" content=\"index, follow, max-snippet:-1, max-image-preview:large, max-video-preview:-1\" \/>\n<link rel=\"canonical\" href=\"https:\/\/thebreakthruco.com\/es\/seminarios\/\" \/>\n<meta property=\"og:locale\" content=\"es_ES\" \/>\n<meta property=\"og:type\" content=\"article\" \/>\n<meta property=\"og:title\" content=\"Seminarios - The Breakthru Co\" \/>\n<meta property=\"og:description\" content=\"Home \u00bb Seminarios Play Video la fundaci\u00f3n no vuelvas a hacer una audici\u00f3n de la misma manera. The Foundation es un v\u00eddeo introductorio GRATUITO de 30 minutos que comparte la filosof\u00eda \u00fanica de Gil e ilustra por qu\u00e9 ha podido ayudar constantemente a los actores a ofrecer interpretaciones notables y aut\u00e9nticas a lo largo de&hellip;\" \/>\n<meta property=\"og:url\" content=\"https:\/\/thebreakthruco.com\/es\/seminarios\/\" \/>\n<meta property=\"og:site_name\" content=\"The Breakthru Co\" \/>\n<meta property=\"article:modified_time\" content=\"2026-02-03T02:35:58+00:00\" \/>\n<meta property=\"og:image\" content=\"https:\/\/thebreakthruco.com\/wp-content\/uploads\/2025\/10\/TBTC-Featured-Image.png\" \/>\n\t<meta property=\"og:image:width\" content=\"1920\" \/>\n\t<meta property=\"og:image:height\" content=\"1080\" \/>\n\t<meta property=\"og:image:type\" content=\"image\/png\" \/>\n<meta name=\"twitter:card\" content=\"summary_large_image\" \/>\n<script type=\"application\/ld+json\" class=\"yoast-schema-graph\">{\"@context\":\"https:\\\/\\\/schema.org\",\"@graph\":[{\"@type\":\"WebPage\",\"@id\":\"https:\\\/\\\/thebreakthruco.com\\\/es\\\/seminarios\\\/\",\"url\":\"https:\\\/\\\/thebreakthruco.com\\\/es\\\/seminarios\\\/\",\"name\":\"Seminarios - The Breakthru Co\",\"isPartOf\":{\"@id\":\"https:\\\/\\\/thebreakthruco.com\\\/es\\\/#website\"},\"primaryImageOfPage\":{\"@id\":\"https:\\\/\\\/thebreakthruco.com\\\/es\\\/seminarios\\\/#primaryimage\"},\"image\":{\"@id\":\"https:\\\/\\\/thebreakthruco.com\\\/es\\\/seminarios\\\/#primaryimage\"},\"thumbnailUrl\":\"https:\\\/\\\/thebreakthruco.com\\\/wp-content\\\/uploads\\\/2025\\\/10\\\/TBTC-Featured-Image.png\",\"datePublished\":\"2025-10-02T03:08:07+00:00\",\"dateModified\":\"2026-02-03T02:35:58+00:00\",\"breadcrumb\":{\"@id\":\"https:\\\/\\\/thebreakthruco.com\\\/es\\\/seminarios\\\/#breadcrumb\"},\"inLanguage\":\"es\",\"potentialAction\":[{\"@type\":\"ReadAction\",\"target\":[\"https:\\\/\\\/thebreakthruco.com\\\/es\\\/seminarios\\\/\"]}]},{\"@type\":\"ImageObject\",\"inLanguage\":\"es\",\"@id\":\"https:\\\/\\\/thebreakthruco.com\\\/es\\\/seminarios\\\/#primaryimage\",\"url\":\"https:\\\/\\\/thebreakthruco.com\\\/wp-content\\\/uploads\\\/2025\\\/10\\\/TBTC-Featured-Image.png\",\"contentUrl\":\"https:\\\/\\\/thebreakthruco.com\\\/wp-content\\\/uploads\\\/2025\\\/10\\\/TBTC-Featured-Image.png\",\"width\":1920,\"height\":1080},{\"@type\":\"BreadcrumbList\",\"@id\":\"https:\\\/\\\/thebreakthruco.com\\\/es\\\/seminarios\\\/#breadcrumb\",\"itemListElement\":[{\"@type\":\"ListItem\",\"position\":1,\"name\":\"Home\",\"item\":\"https:\\\/\\\/thebreakthruco.com\\\/es\\\/inicio\\\/\"},{\"@type\":\"ListItem\",\"position\":2,\"name\":\"Seminarios\"}]},{\"@type\":\"WebSite\",\"@id\":\"https:\\\/\\\/thebreakthruco.com\\\/es\\\/#website\",\"url\":\"https:\\\/\\\/thebreakthruco.com\\\/es\\\/\",\"name\":\"The Breakthru Company\",\"description\":\"Forget everything you\u2019ve learned about auditioning.\",\"publisher\":{\"@id\":\"https:\\\/\\\/thebreakthruco.com\\\/es\\\/#organization\"},\"potentialAction\":[{\"@type\":\"SearchAction\",\"target\":{\"@type\":\"EntryPoint\",\"urlTemplate\":\"https:\\\/\\\/thebreakthruco.com\\\/es\\\/?s={search_term_string}\"},\"query-input\":{\"@type\":\"PropertyValueSpecification\",\"valueRequired\":true,\"valueName\":\"search_term_string\"}}],\"inLanguage\":\"es\"},{\"@type\":\"Organization\",\"@id\":\"https:\\\/\\\/thebreakthruco.com\\\/es\\\/#organization\",\"name\":\"The Breakthru Company\",\"url\":\"https:\\\/\\\/thebreakthruco.com\\\/es\\\/\",\"logo\":{\"@type\":\"ImageObject\",\"inLanguage\":\"es\",\"@id\":\"https:\\\/\\\/thebreakthruco.com\\\/es\\\/#\\\/schema\\\/logo\\\/image\\\/\",\"url\":\"https:\\\/\\\/thebreakthruco.com\\\/wp-content\\\/uploads\\\/2025\\\/10\\\/TBTC-Featured-Image.png\",\"contentUrl\":\"https:\\\/\\\/thebreakthruco.com\\\/wp-content\\\/uploads\\\/2025\\\/10\\\/TBTC-Featured-Image.png\",\"width\":1920,\"height\":1080,\"caption\":\"The Breakthru Company\"},\"image\":{\"@id\":\"https:\\\/\\\/thebreakthruco.com\\\/es\\\/#\\\/schema\\\/logo\\\/image\\\/\"}}]}<\/script>\n<!-- \/ Yoast SEO plugin. -->","yoast_head_json":{"title":"Seminarios - The Breakthru Co","robots":{"index":"index","follow":"follow","max-snippet":"max-snippet:-1","max-image-preview":"max-image-preview:large","max-video-preview":"max-video-preview:-1"},"canonical":"https:\/\/thebreakthruco.com\/es\/seminarios\/","og_locale":"es_ES","og_type":"article","og_title":"Seminarios - The Breakthru Co","og_description":"Home \u00bb Seminarios Play Video la fundaci\u00f3n no vuelvas a hacer una audici\u00f3n de la misma manera. The Foundation es un v\u00eddeo introductorio GRATUITO de 30 minutos que comparte la filosof\u00eda \u00fanica de Gil e ilustra por qu\u00e9 ha podido ayudar constantemente a los actores a ofrecer interpretaciones notables y aut\u00e9nticas a lo largo de&hellip;","og_url":"https:\/\/thebreakthruco.com\/es\/seminarios\/","og_site_name":"The Breakthru Co","article_modified_time":"2026-02-03T02:35:58+00:00","og_image":[{"width":1920,"height":1080,"url":"https:\/\/thebreakthruco.com\/wp-content\/uploads\/2025\/10\/TBTC-Featured-Image.png","type":"image\/png"}],"twitter_card":"summary_large_image","schema":{"@context":"https:\/\/schema.org","@graph":[{"@type":"WebPage","@id":"https:\/\/thebreakthruco.com\/es\/seminarios\/","url":"https:\/\/thebreakthruco.com\/es\/seminarios\/","name":"Seminarios - The Breakthru Co","isPartOf":{"@id":"https:\/\/thebreakthruco.com\/es\/#website"},"primaryImageOfPage":{"@id":"https:\/\/thebreakthruco.com\/es\/seminarios\/#primaryimage"},"image":{"@id":"https:\/\/thebreakthruco.com\/es\/seminarios\/#primaryimage"},"thumbnailUrl":"https:\/\/thebreakthruco.com\/wp-content\/uploads\/2025\/10\/TBTC-Featured-Image.png","datePublished":"2025-10-02T03:08:07+00:00","dateModified":"2026-02-03T02:35:58+00:00","breadcrumb":{"@id":"https:\/\/thebreakthruco.com\/es\/seminarios\/#breadcrumb"},"inLanguage":"es","potentialAction":[{"@type":"ReadAction","target":["https:\/\/thebreakthruco.com\/es\/seminarios\/"]}]},{"@type":"ImageObject","inLanguage":"es","@id":"https:\/\/thebreakthruco.com\/es\/seminarios\/#primaryimage","url":"https:\/\/thebreakthruco.com\/wp-content\/uploads\/2025\/10\/TBTC-Featured-Image.png","contentUrl":"https:\/\/thebreakthruco.com\/wp-content\/uploads\/2025\/10\/TBTC-Featured-Image.png","width":1920,"height":1080},{"@type":"BreadcrumbList","@id":"https:\/\/thebreakthruco.com\/es\/seminarios\/#breadcrumb","itemListElement":[{"@type":"ListItem","position":1,"name":"Home","item":"https:\/\/thebreakthruco.com\/es\/inicio\/"},{"@type":"ListItem","position":2,"name":"Seminarios"}]},{"@type":"WebSite","@id":"https:\/\/thebreakthruco.com\/es\/#website","url":"https:\/\/thebreakthruco.com\/es\/","name":"The Breakthru Company","description":"Forget everything you\u2019ve learned about auditioning.","publisher":{"@id":"https:\/\/thebreakthruco.com\/es\/#organization"},"potentialAction":[{"@type":"SearchAction","target":{"@type":"EntryPoint","urlTemplate":"https:\/\/thebreakthruco.com\/es\/?s={search_term_string}"},"query-input":{"@type":"PropertyValueSpecification","valueRequired":true,"valueName":"search_term_string"}}],"inLanguage":"es"},{"@type":"Organization","@id":"https:\/\/thebreakthruco.com\/es\/#organization","name":"The Breakthru Company","url":"https:\/\/thebreakthruco.com\/es\/","logo":{"@type":"ImageObject","inLanguage":"es","@id":"https:\/\/thebreakthruco.com\/es\/#\/schema\/logo\/image\/","url":"https:\/\/thebreakthruco.com\/wp-content\/uploads\/2025\/10\/TBTC-Featured-Image.png","contentUrl":"https:\/\/thebreakthruco.com\/wp-content\/uploads\/2025\/10\/TBTC-Featured-Image.png","width":1920,"height":1080,"caption":"The Breakthru Company"},"image":{"@id":"https:\/\/thebreakthruco.com\/es\/#\/schema\/logo\/image\/"}}]}},"_links":{"self":[{"href":"https:\/\/thebreakthruco.com\/es\/wp-json\/wp\/v2\/pages\/7036","targetHints":{"allow":["GET"]}}],"collection":[{"href":"https:\/\/thebreakthruco.com\/es\/wp-json\/wp\/v2\/pages"}],"about":[{"href":"https:\/\/thebreakthruco.com\/es\/wp-json\/wp\/v2\/types\/page"}],"author":[{"embeddable":true,"href":"https:\/\/thebreakthruco.com\/es\/wp-json\/wp\/v2\/users\/4"}],"replies":[{"embeddable":true,"href":"https:\/\/thebreakthruco.com\/es\/wp-json\/wp\/v2\/comments?post=7036"}],"version-history":[{"count":0,"href":"https:\/\/thebreakthruco.com\/es\/wp-json\/wp\/v2\/pages\/7036\/revisions"}],"wp:featuredmedia":[{"embeddable":true,"href":"https:\/\/thebreakthruco.com\/es\/wp-json\/wp\/v2\/media\/7008"}],"wp:attachment":[{"href":"https:\/\/thebreakthruco.com\/es\/wp-json\/wp\/v2\/media?parent=7036"}],"curies":[{"name":"wp","href":"https:\/\/api.w.org\/{rel}","templated":true}]}}