{"id":7116,"date":"2025-10-03T01:57:42","date_gmt":"2025-10-03T01:57:42","guid":{"rendered":"https:\/\/thebreakthruco.com\/product\/video-del-seminario-gil-junger-con-spotlight\/"},"modified":"2026-02-03T15:17:57","modified_gmt":"2026-02-03T23:17:57","slug":"video-del-seminario-gil-junger-con-spotlight","status":"publish","type":"product","link":"https:\/\/thebreakthruco.com\/es\/producto\/video-del-seminario-gil-junger-con-spotlight\/","title":{"rendered":"V\u00eddeo del seminario: Gil Junger con Spotlight"},"content":{"rendered":"<article class=\"text-token-text-primary w-full focus:outline-none [--shadow-height:45px] has-data-writing-block:pointer-events-none has-data-writing-block:-mt-(--shadow-height) has-data-writing-block:pt-(--shadow-height) [&amp;:has([data-writing-block])&gt;*]:pointer-events-auto scroll-mt-[calc(var(--header-height)+min(200px,max(70px,20svh)))]\" dir=\"auto\" tabindex=\"-1\" data-turn-id=\"f6b51ab2-2404-43c0-ac7d-bf1f321948d5\" data-testid=\"conversation-turn-10\" data-scroll-anchor=\"true\" data-turn=\"assistant\">\n<div class=\"text-base my-auto mx-auto pb-10 [--thread-content-margin:--spacing(4)] thread-sm:[--thread-content-margin:--spacing(6)] thread-lg:[--thread-content-margin:--spacing(16)] px-(--thread-content-margin)\">\n<div class=\"[--thread-content-max-width:40rem] thread-lg:[--thread-content-max-width:48rem] mx-auto max-w-(--thread-content-max-width) flex-1 group\/turn-messages focus-visible:outline-hidden relative flex w-full min-w-0 flex-col agent-turn\" tabindex=\"-1\">\n<div class=\"flex max-w-full flex-col grow\">\n<div class=\"min-h-8 text-message relative flex w-full flex-col items-end gap-2 text-start break-words whitespace-normal [.text-message+&amp;]:mt-5\" dir=\"auto\" data-message-author-role=\"assistant\" data-message-id=\"2bd49a57-f0fb-4a88-8fd8-ff64eaf7b296\" data-message-model-slug=\"gpt-5-thinking\">\n<div class=\"flex w-full flex-col gap-1 empty:hidden first:pt-[1px]\">\n<div class=\"markdown prose dark:prose-invert w-full break-words dark markdown-new-styling\">\n<p data-start=\"722\" data-end=\"1329\">En esta formaci\u00f3n basada en preguntas y respuestas, <strong data-start=\"785\" data-end=\"799\">Gil Junger<\/strong> responde a las preguntas m\u00e1s frecuentes sobre las audiciones de Spotlight y demuestra c\u00f3mo destacar siendo t\u00fa mismo. Rompe con el h\u00e1bito de la preparaci\u00f3n basada en listas de verificaci\u00f3n (biograf\u00edas de personajes, lecturas de l\u00edneas, \u00abinterpretarlo enfadado\u00bb) y lo sustituye por un enfoque sencillo y liberador: memorizar las l\u00edneas, tachar la puntuaci\u00f3n y los par\u00e9ntesis, y dejar que te gu\u00eden tus impulsos naturales. A trav\u00e9s de lecturas voluntarias y ajustes sobre la marcha, aprender\u00e1s ajustes pr\u00e1cticos que hacen que las autograbaciones parezcan vivas, captan la atenci\u00f3n de los directores de casting y generan una aut\u00e9ntica confianza ante la c\u00e1mara.  <\/p>\n<\/div>\n<\/div>\n<\/div>\n<\/div>\n<\/div>\n<\/div>\n<\/article>\n","protected":false},"excerpt":{"rendered":"<p>En esta formaci\u00f3n basada en preguntas y respuestas, Gil Junger responde a las preguntas m\u00e1s frecuentes sobre las audiciones de Spotlight y demuestra c\u00f3mo destacar siendo t\u00fa mismo. Rompe con el h\u00e1bito de la preparaci\u00f3n basada en listas de verificaci\u00f3n (biograf\u00edas de personajes, lecturas de l\u00edneas, \u00abinterpretarlo enfadado\u00bb) y lo sustituye por un enfoque sencillo&hellip;<\/p>\n","protected":false},"featured_media":7117,"template":"","meta":{"inline_featured_image":false},"product_brand":[],"product_cat":[84,79],"product_tag":[],"class_list":{"0":"post-7116","1":"product","2":"type-product","3":"status-publish","4":"has-post-thumbnail","6":"product_cat-seminarios","7":"product_cat-sin-categoria","9":"first","10":"instock","11":"virtual","12":"sold-individually","13":"purchasable","14":"product-type-simple"},"yoast_head":"<!-- This site is optimized with the Yoast SEO plugin v27.4 - https:\/\/yoast.com\/product\/yoast-seo-wordpress\/ -->\n<title>V\u00eddeo del seminario: Gil Junger con Spotlight - The Breakthru Co<\/title>\n<meta name=\"robots\" content=\"index, follow, max-snippet:-1, max-image-preview:large, max-video-preview:-1\" \/>\n<link rel=\"canonical\" href=\"https:\/\/thebreakthruco.com\/es\/producto\/video-del-seminario-gil-junger-con-spotlight\/\" \/>\n<meta property=\"og:locale\" content=\"es_ES\" \/>\n<meta property=\"og:type\" content=\"article\" \/>\n<meta property=\"og:title\" content=\"V\u00eddeo del seminario: Gil Junger con Spotlight - The Breakthru Co\" \/>\n<meta property=\"og:description\" content=\"En esta formaci\u00f3n basada en preguntas y respuestas, Gil Junger responde a las preguntas m\u00e1s frecuentes sobre las audiciones de Spotlight y demuestra c\u00f3mo destacar siendo t\u00fa mismo. Rompe con el h\u00e1bito de la preparaci\u00f3n basada en listas de verificaci\u00f3n (biograf\u00edas de personajes, lecturas de l\u00edneas, \u00abinterpretarlo enfadado\u00bb) y lo sustituye por un enfoque sencillo&hellip;\" \/>\n<meta property=\"og:url\" content=\"https:\/\/thebreakthruco.com\/es\/producto\/video-del-seminario-gil-junger-con-spotlight\/\" \/>\n<meta property=\"og:site_name\" content=\"The Breakthru Co\" \/>\n<meta property=\"article:modified_time\" content=\"2026-02-03T23:17:57+00:00\" \/>\n<meta property=\"og:image\" content=\"https:\/\/thebreakthruco.com\/wp-content\/uploads\/2025\/10\/Spotlight-Featured-Image.jpg\" \/>\n\t<meta property=\"og:image:width\" content=\"1920\" \/>\n\t<meta property=\"og:image:height\" content=\"1080\" \/>\n\t<meta property=\"og:image:type\" content=\"image\/jpeg\" \/>\n<meta name=\"twitter:card\" content=\"summary_large_image\" \/>\n<meta name=\"twitter:label1\" content=\"Tiempo de lectura\" \/>\n\t<meta name=\"twitter:data1\" content=\"1 minuto\" \/>\n<script type=\"application\/ld+json\" class=\"yoast-schema-graph\">{\"@context\":\"https:\\\/\\\/schema.org\",\"@graph\":[{\"@type\":\"WebPage\",\"@id\":\"https:\\\/\\\/thebreakthruco.com\\\/es\\\/producto\\\/video-del-seminario-gil-junger-con-spotlight\\\/\",\"url\":\"https:\\\/\\\/thebreakthruco.com\\\/es\\\/producto\\\/video-del-seminario-gil-junger-con-spotlight\\\/\",\"name\":\"V\u00eddeo del seminario: Gil Junger con Spotlight - The Breakthru Co\",\"isPartOf\":{\"@id\":\"https:\\\/\\\/thebreakthruco.com\\\/es\\\/#website\"},\"primaryImageOfPage\":{\"@id\":\"https:\\\/\\\/thebreakthruco.com\\\/es\\\/producto\\\/video-del-seminario-gil-junger-con-spotlight\\\/#primaryimage\"},\"image\":{\"@id\":\"https:\\\/\\\/thebreakthruco.com\\\/es\\\/producto\\\/video-del-seminario-gil-junger-con-spotlight\\\/#primaryimage\"},\"thumbnailUrl\":\"https:\\\/\\\/thebreakthruco.com\\\/wp-content\\\/uploads\\\/2025\\\/10\\\/Spotlight-Featured-Image.jpg\",\"datePublished\":\"2025-10-03T01:57:42+00:00\",\"dateModified\":\"2026-02-03T23:17:57+00:00\",\"breadcrumb\":{\"@id\":\"https:\\\/\\\/thebreakthruco.com\\\/es\\\/producto\\\/video-del-seminario-gil-junger-con-spotlight\\\/#breadcrumb\"},\"inLanguage\":\"es\",\"potentialAction\":[{\"@type\":\"ReadAction\",\"target\":[\"https:\\\/\\\/thebreakthruco.com\\\/es\\\/producto\\\/video-del-seminario-gil-junger-con-spotlight\\\/\"]}]},{\"@type\":\"ImageObject\",\"inLanguage\":\"es\",\"@id\":\"https:\\\/\\\/thebreakthruco.com\\\/es\\\/producto\\\/video-del-seminario-gil-junger-con-spotlight\\\/#primaryimage\",\"url\":\"https:\\\/\\\/thebreakthruco.com\\\/wp-content\\\/uploads\\\/2025\\\/10\\\/Spotlight-Featured-Image.jpg\",\"contentUrl\":\"https:\\\/\\\/thebreakthruco.com\\\/wp-content\\\/uploads\\\/2025\\\/10\\\/Spotlight-Featured-Image.jpg\",\"width\":1920,\"height\":1080},{\"@type\":\"BreadcrumbList\",\"@id\":\"https:\\\/\\\/thebreakthruco.com\\\/es\\\/producto\\\/video-del-seminario-gil-junger-con-spotlight\\\/#breadcrumb\",\"itemListElement\":[{\"@type\":\"ListItem\",\"position\":1,\"name\":\"Home\",\"item\":\"https:\\\/\\\/thebreakthruco.com\\\/es\\\/inicio\\\/\"},{\"@type\":\"ListItem\",\"position\":2,\"name\":\"Tienda\",\"item\":\"https:\\\/\\\/thebreakthruco.com\\\/es\\\/tienda\\\/\"},{\"@type\":\"ListItem\",\"position\":3,\"name\":\"V\u00eddeo del seminario: Gil Junger con Spotlight\"}]},{\"@type\":\"WebSite\",\"@id\":\"https:\\\/\\\/thebreakthruco.com\\\/es\\\/#website\",\"url\":\"https:\\\/\\\/thebreakthruco.com\\\/es\\\/\",\"name\":\"The Breakthru Company\",\"description\":\"Forget everything you\u2019ve learned about auditioning.\",\"publisher\":{\"@id\":\"https:\\\/\\\/thebreakthruco.com\\\/es\\\/#organization\"},\"potentialAction\":[{\"@type\":\"SearchAction\",\"target\":{\"@type\":\"EntryPoint\",\"urlTemplate\":\"https:\\\/\\\/thebreakthruco.com\\\/es\\\/?s={search_term_string}\"},\"query-input\":{\"@type\":\"PropertyValueSpecification\",\"valueRequired\":true,\"valueName\":\"search_term_string\"}}],\"inLanguage\":\"es\"},{\"@type\":\"Organization\",\"@id\":\"https:\\\/\\\/thebreakthruco.com\\\/es\\\/#organization\",\"name\":\"The Breakthru Company\",\"url\":\"https:\\\/\\\/thebreakthruco.com\\\/es\\\/\",\"logo\":{\"@type\":\"ImageObject\",\"inLanguage\":\"es\",\"@id\":\"https:\\\/\\\/thebreakthruco.com\\\/es\\\/#\\\/schema\\\/logo\\\/image\\\/\",\"url\":\"https:\\\/\\\/thebreakthruco.com\\\/wp-content\\\/uploads\\\/2025\\\/10\\\/TBTC-Featured-Image.png\",\"contentUrl\":\"https:\\\/\\\/thebreakthruco.com\\\/wp-content\\\/uploads\\\/2025\\\/10\\\/TBTC-Featured-Image.png\",\"width\":1920,\"height\":1080,\"caption\":\"The Breakthru Company\"},\"image\":{\"@id\":\"https:\\\/\\\/thebreakthruco.com\\\/es\\\/#\\\/schema\\\/logo\\\/image\\\/\"}}]}<\/script>\n<!-- \/ Yoast SEO plugin. -->","yoast_head_json":{"title":"V\u00eddeo del seminario: Gil Junger con Spotlight - The Breakthru Co","robots":{"index":"index","follow":"follow","max-snippet":"max-snippet:-1","max-image-preview":"max-image-preview:large","max-video-preview":"max-video-preview:-1"},"canonical":"https:\/\/thebreakthruco.com\/es\/producto\/video-del-seminario-gil-junger-con-spotlight\/","og_locale":"es_ES","og_type":"article","og_title":"V\u00eddeo del seminario: Gil Junger con Spotlight - The Breakthru Co","og_description":"En esta formaci\u00f3n basada en preguntas y respuestas, Gil Junger responde a las preguntas m\u00e1s frecuentes sobre las audiciones de Spotlight y demuestra c\u00f3mo destacar siendo t\u00fa mismo. Rompe con el h\u00e1bito de la preparaci\u00f3n basada en listas de verificaci\u00f3n (biograf\u00edas de personajes, lecturas de l\u00edneas, \u00abinterpretarlo enfadado\u00bb) y lo sustituye por un enfoque sencillo&hellip;","og_url":"https:\/\/thebreakthruco.com\/es\/producto\/video-del-seminario-gil-junger-con-spotlight\/","og_site_name":"The Breakthru Co","article_modified_time":"2026-02-03T23:17:57+00:00","og_image":[{"width":1920,"height":1080,"url":"https:\/\/thebreakthruco.com\/wp-content\/uploads\/2025\/10\/Spotlight-Featured-Image.jpg","type":"image\/jpeg"}],"twitter_card":"summary_large_image","twitter_misc":{"Tiempo de lectura":"1 minuto"},"schema":{"@context":"https:\/\/schema.org","@graph":[{"@type":"WebPage","@id":"https:\/\/thebreakthruco.com\/es\/producto\/video-del-seminario-gil-junger-con-spotlight\/","url":"https:\/\/thebreakthruco.com\/es\/producto\/video-del-seminario-gil-junger-con-spotlight\/","name":"V\u00eddeo del seminario: Gil Junger con Spotlight - The Breakthru Co","isPartOf":{"@id":"https:\/\/thebreakthruco.com\/es\/#website"},"primaryImageOfPage":{"@id":"https:\/\/thebreakthruco.com\/es\/producto\/video-del-seminario-gil-junger-con-spotlight\/#primaryimage"},"image":{"@id":"https:\/\/thebreakthruco.com\/es\/producto\/video-del-seminario-gil-junger-con-spotlight\/#primaryimage"},"thumbnailUrl":"https:\/\/thebreakthruco.com\/wp-content\/uploads\/2025\/10\/Spotlight-Featured-Image.jpg","datePublished":"2025-10-03T01:57:42+00:00","dateModified":"2026-02-03T23:17:57+00:00","breadcrumb":{"@id":"https:\/\/thebreakthruco.com\/es\/producto\/video-del-seminario-gil-junger-con-spotlight\/#breadcrumb"},"inLanguage":"es","potentialAction":[{"@type":"ReadAction","target":["https:\/\/thebreakthruco.com\/es\/producto\/video-del-seminario-gil-junger-con-spotlight\/"]}]},{"@type":"ImageObject","inLanguage":"es","@id":"https:\/\/thebreakthruco.com\/es\/producto\/video-del-seminario-gil-junger-con-spotlight\/#primaryimage","url":"https:\/\/thebreakthruco.com\/wp-content\/uploads\/2025\/10\/Spotlight-Featured-Image.jpg","contentUrl":"https:\/\/thebreakthruco.com\/wp-content\/uploads\/2025\/10\/Spotlight-Featured-Image.jpg","width":1920,"height":1080},{"@type":"BreadcrumbList","@id":"https:\/\/thebreakthruco.com\/es\/producto\/video-del-seminario-gil-junger-con-spotlight\/#breadcrumb","itemListElement":[{"@type":"ListItem","position":1,"name":"Home","item":"https:\/\/thebreakthruco.com\/es\/inicio\/"},{"@type":"ListItem","position":2,"name":"Tienda","item":"https:\/\/thebreakthruco.com\/es\/tienda\/"},{"@type":"ListItem","position":3,"name":"V\u00eddeo del seminario: Gil Junger con Spotlight"}]},{"@type":"WebSite","@id":"https:\/\/thebreakthruco.com\/es\/#website","url":"https:\/\/thebreakthruco.com\/es\/","name":"The Breakthru Company","description":"Forget everything you\u2019ve learned about auditioning.","publisher":{"@id":"https:\/\/thebreakthruco.com\/es\/#organization"},"potentialAction":[{"@type":"SearchAction","target":{"@type":"EntryPoint","urlTemplate":"https:\/\/thebreakthruco.com\/es\/?s={search_term_string}"},"query-input":{"@type":"PropertyValueSpecification","valueRequired":true,"valueName":"search_term_string"}}],"inLanguage":"es"},{"@type":"Organization","@id":"https:\/\/thebreakthruco.com\/es\/#organization","name":"The Breakthru Company","url":"https:\/\/thebreakthruco.com\/es\/","logo":{"@type":"ImageObject","inLanguage":"es","@id":"https:\/\/thebreakthruco.com\/es\/#\/schema\/logo\/image\/","url":"https:\/\/thebreakthruco.com\/wp-content\/uploads\/2025\/10\/TBTC-Featured-Image.png","contentUrl":"https:\/\/thebreakthruco.com\/wp-content\/uploads\/2025\/10\/TBTC-Featured-Image.png","width":1920,"height":1080,"caption":"The Breakthru Company"},"image":{"@id":"https:\/\/thebreakthruco.com\/es\/#\/schema\/logo\/image\/"}}]}},"_links":{"self":[{"href":"https:\/\/thebreakthruco.com\/es\/wp-json\/wp\/v2\/product\/7116","targetHints":{"allow":["GET"]}}],"collection":[{"href":"https:\/\/thebreakthruco.com\/es\/wp-json\/wp\/v2\/product"}],"about":[{"href":"https:\/\/thebreakthruco.com\/es\/wp-json\/wp\/v2\/types\/product"}],"wp:featuredmedia":[{"embeddable":true,"href":"https:\/\/thebreakthruco.com\/es\/wp-json\/wp\/v2\/media\/7117"}],"wp:attachment":[{"href":"https:\/\/thebreakthruco.com\/es\/wp-json\/wp\/v2\/media?parent=7116"}],"wp:term":[{"taxonomy":"product_brand","embeddable":true,"href":"https:\/\/thebreakthruco.com\/es\/wp-json\/wp\/v2\/product_brand?post=7116"},{"taxonomy":"product_cat","embeddable":true,"href":"https:\/\/thebreakthruco.com\/es\/wp-json\/wp\/v2\/product_cat?post=7116"},{"taxonomy":"product_tag","embeddable":true,"href":"https:\/\/thebreakthruco.com\/es\/wp-json\/wp\/v2\/product_tag?post=7116"}],"curies":[{"name":"wp","href":"https:\/\/api.w.org\/{rel}","templated":true}]}}