{"id":7128,"date":"2023-08-14T21:38:52","date_gmt":"2023-08-14T21:38:52","guid":{"rendered":"https:\/\/thebreakthruco.com\/product\/the-foundation\/"},"modified":"2026-02-02T18:31:19","modified_gmt":"2026-02-03T02:31:19","slug":"the-foundation","status":"publish","type":"product","link":"https:\/\/thebreakthruco.com\/es\/producto\/the-foundation\/","title":{"rendered":"The Foundation"},"content":{"rendered":"<p class=\"p1\">Considera esto tu primer paso para afrontar cada audici\u00f3n con confianza y marcharte con orgullo, sabiendo que lo has clavado.<\/p>\n<p class=\"p1\">El alma del enfoque del director Gil Junger, The Foundation, es un <strong>v\u00eddeo introductorio GRATUITO de 30 minutos<\/strong> que comparte la filosof\u00eda \u00fanica de Gil e ilustra por qu\u00e9 ha sido capaz de ayudar <i>constantemente<\/i> a los actores a ofrecer interpretaciones notables y aut\u00e9nticas a lo largo de su carrera.<\/p>\n<p class=\"p1\"><strong>A la mierda el miedo, ens\u00e9\u00f1ales lo incre\u00edble que eres. \u2013 Gil Junger <\/strong><\/p>\n<p class=\"p1\"><strong>ADVERTENCIA:<\/strong> La informaci\u00f3n de este v\u00eddeo es radicalmente diferente de lo que has aprendido antes; por favor, m\u00edralo sentado.<\/p>\n","protected":false},"excerpt":{"rendered":"<p>Considera esto tu primer paso para afrontar cada audici\u00f3n con confianza y marcharte con orgullo, sabiendo que lo has clavado. El alma del enfoque del director Gil Junger, The Foundation, es un v\u00eddeo introductorio GRATUITO de 30 minutos que comparte la filosof\u00eda \u00fanica de Gil e ilustra por qu\u00e9 ha sido capaz de ayudar constantemente&hellip;<\/p>\n","protected":false},"featured_media":7129,"template":"","meta":{"inline_featured_image":false},"product_brand":[],"product_cat":[89],"product_tag":[],"class_list":{"0":"post-7128","1":"product","2":"type-product","3":"status-publish","4":"has-post-thumbnail","6":"product_cat-cursos","8":"first","9":"instock","10":"virtual","11":"sold-individually","12":"purchasable","13":"product-type-simple"},"yoast_head":"<!-- This site is optimized with the Yoast SEO plugin v27.5 - https:\/\/yoast.com\/product\/yoast-seo-wordpress\/ -->\n<title>The Foundation - The Breakthru Co<\/title>\n<meta name=\"robots\" content=\"index, follow, max-snippet:-1, max-image-preview:large, max-video-preview:-1\" \/>\n<link rel=\"canonical\" href=\"https:\/\/thebreakthruco.com\/es\/producto\/the-foundation\/\" \/>\n<meta property=\"og:locale\" content=\"es_ES\" \/>\n<meta property=\"og:type\" content=\"article\" \/>\n<meta property=\"og:title\" content=\"The Foundation - The Breakthru Co\" \/>\n<meta property=\"og:description\" content=\"Considera esto tu primer paso para afrontar cada audici\u00f3n con confianza y marcharte con orgullo, sabiendo que lo has clavado. El alma del enfoque del director Gil Junger, The Foundation, es un v\u00eddeo introductorio GRATUITO de 30 minutos que comparte la filosof\u00eda \u00fanica de Gil e ilustra por qu\u00e9 ha sido capaz de ayudar constantemente&hellip;\" \/>\n<meta property=\"og:url\" content=\"https:\/\/thebreakthruco.com\/es\/producto\/the-foundation\/\" \/>\n<meta property=\"og:site_name\" content=\"The Breakthru Co\" \/>\n<meta property=\"article:modified_time\" content=\"2026-02-03T02:31:19+00:00\" \/>\n<meta property=\"og:image\" content=\"https:\/\/thebreakthruco.com\/wp-content\/uploads\/2025\/09\/The-Foundation.png\" \/>\n\t<meta property=\"og:image:width\" content=\"866\" \/>\n\t<meta property=\"og:image:height\" content=\"605\" \/>\n\t<meta property=\"og:image:type\" content=\"image\/png\" \/>\n<meta name=\"twitter:card\" content=\"summary_large_image\" \/>\n<meta name=\"twitter:label1\" content=\"Tiempo de lectura\" \/>\n\t<meta name=\"twitter:data1\" content=\"1 minuto\" \/>\n<script type=\"application\/ld+json\" class=\"yoast-schema-graph\">{\"@context\":\"https:\\\/\\\/schema.org\",\"@graph\":[{\"@type\":\"WebPage\",\"@id\":\"https:\\\/\\\/thebreakthruco.com\\\/es\\\/producto\\\/the-foundation\\\/\",\"url\":\"https:\\\/\\\/thebreakthruco.com\\\/es\\\/producto\\\/the-foundation\\\/\",\"name\":\"The Foundation - The Breakthru Co\",\"isPartOf\":{\"@id\":\"https:\\\/\\\/thebreakthruco.com\\\/es\\\/#website\"},\"primaryImageOfPage\":{\"@id\":\"https:\\\/\\\/thebreakthruco.com\\\/es\\\/producto\\\/the-foundation\\\/#primaryimage\"},\"image\":{\"@id\":\"https:\\\/\\\/thebreakthruco.com\\\/es\\\/producto\\\/the-foundation\\\/#primaryimage\"},\"thumbnailUrl\":\"https:\\\/\\\/thebreakthruco.com\\\/wp-content\\\/uploads\\\/2025\\\/09\\\/The-Foundation.png\",\"datePublished\":\"2023-08-14T21:38:52+00:00\",\"dateModified\":\"2026-02-03T02:31:19+00:00\",\"breadcrumb\":{\"@id\":\"https:\\\/\\\/thebreakthruco.com\\\/es\\\/producto\\\/the-foundation\\\/#breadcrumb\"},\"inLanguage\":\"es\",\"potentialAction\":[{\"@type\":\"ReadAction\",\"target\":[\"https:\\\/\\\/thebreakthruco.com\\\/es\\\/producto\\\/the-foundation\\\/\"]}]},{\"@type\":\"ImageObject\",\"inLanguage\":\"es\",\"@id\":\"https:\\\/\\\/thebreakthruco.com\\\/es\\\/producto\\\/the-foundation\\\/#primaryimage\",\"url\":\"https:\\\/\\\/thebreakthruco.com\\\/wp-content\\\/uploads\\\/2025\\\/09\\\/The-Foundation.png\",\"contentUrl\":\"https:\\\/\\\/thebreakthruco.com\\\/wp-content\\\/uploads\\\/2025\\\/09\\\/The-Foundation.png\",\"width\":866,\"height\":605},{\"@type\":\"BreadcrumbList\",\"@id\":\"https:\\\/\\\/thebreakthruco.com\\\/es\\\/producto\\\/the-foundation\\\/#breadcrumb\",\"itemListElement\":[{\"@type\":\"ListItem\",\"position\":1,\"name\":\"Home\",\"item\":\"https:\\\/\\\/thebreakthruco.com\\\/es\\\/inicio\\\/\"},{\"@type\":\"ListItem\",\"position\":2,\"name\":\"Tienda\",\"item\":\"https:\\\/\\\/thebreakthruco.com\\\/es\\\/tienda\\\/\"},{\"@type\":\"ListItem\",\"position\":3,\"name\":\"The Foundation\"}]},{\"@type\":\"WebSite\",\"@id\":\"https:\\\/\\\/thebreakthruco.com\\\/es\\\/#website\",\"url\":\"https:\\\/\\\/thebreakthruco.com\\\/es\\\/\",\"name\":\"The Breakthru Company\",\"description\":\"Forget everything you\u2019ve learned about auditioning.\",\"publisher\":{\"@id\":\"https:\\\/\\\/thebreakthruco.com\\\/es\\\/#organization\"},\"potentialAction\":[{\"@type\":\"SearchAction\",\"target\":{\"@type\":\"EntryPoint\",\"urlTemplate\":\"https:\\\/\\\/thebreakthruco.com\\\/es\\\/?s={search_term_string}\"},\"query-input\":{\"@type\":\"PropertyValueSpecification\",\"valueRequired\":true,\"valueName\":\"search_term_string\"}}],\"inLanguage\":\"es\"},{\"@type\":\"Organization\",\"@id\":\"https:\\\/\\\/thebreakthruco.com\\\/es\\\/#organization\",\"name\":\"The Breakthru Company\",\"url\":\"https:\\\/\\\/thebreakthruco.com\\\/es\\\/\",\"logo\":{\"@type\":\"ImageObject\",\"inLanguage\":\"es\",\"@id\":\"https:\\\/\\\/thebreakthruco.com\\\/es\\\/#\\\/schema\\\/logo\\\/image\\\/\",\"url\":\"https:\\\/\\\/thebreakthruco.com\\\/wp-content\\\/uploads\\\/2025\\\/10\\\/TBTC-Featured-Image.png\",\"contentUrl\":\"https:\\\/\\\/thebreakthruco.com\\\/wp-content\\\/uploads\\\/2025\\\/10\\\/TBTC-Featured-Image.png\",\"width\":1920,\"height\":1080,\"caption\":\"The Breakthru Company\"},\"image\":{\"@id\":\"https:\\\/\\\/thebreakthruco.com\\\/es\\\/#\\\/schema\\\/logo\\\/image\\\/\"}}]}<\/script>\n<!-- \/ Yoast SEO plugin. -->","yoast_head_json":{"title":"The Foundation - The Breakthru Co","robots":{"index":"index","follow":"follow","max-snippet":"max-snippet:-1","max-image-preview":"max-image-preview:large","max-video-preview":"max-video-preview:-1"},"canonical":"https:\/\/thebreakthruco.com\/es\/producto\/the-foundation\/","og_locale":"es_ES","og_type":"article","og_title":"The Foundation - The Breakthru Co","og_description":"Considera esto tu primer paso para afrontar cada audici\u00f3n con confianza y marcharte con orgullo, sabiendo que lo has clavado. El alma del enfoque del director Gil Junger, The Foundation, es un v\u00eddeo introductorio GRATUITO de 30 minutos que comparte la filosof\u00eda \u00fanica de Gil e ilustra por qu\u00e9 ha sido capaz de ayudar constantemente&hellip;","og_url":"https:\/\/thebreakthruco.com\/es\/producto\/the-foundation\/","og_site_name":"The Breakthru Co","article_modified_time":"2026-02-03T02:31:19+00:00","og_image":[{"width":866,"height":605,"url":"https:\/\/thebreakthruco.com\/wp-content\/uploads\/2025\/09\/The-Foundation.png","type":"image\/png"}],"twitter_card":"summary_large_image","twitter_misc":{"Tiempo de lectura":"1 minuto"},"schema":{"@context":"https:\/\/schema.org","@graph":[{"@type":"WebPage","@id":"https:\/\/thebreakthruco.com\/es\/producto\/the-foundation\/","url":"https:\/\/thebreakthruco.com\/es\/producto\/the-foundation\/","name":"The Foundation - The Breakthru Co","isPartOf":{"@id":"https:\/\/thebreakthruco.com\/es\/#website"},"primaryImageOfPage":{"@id":"https:\/\/thebreakthruco.com\/es\/producto\/the-foundation\/#primaryimage"},"image":{"@id":"https:\/\/thebreakthruco.com\/es\/producto\/the-foundation\/#primaryimage"},"thumbnailUrl":"https:\/\/thebreakthruco.com\/wp-content\/uploads\/2025\/09\/The-Foundation.png","datePublished":"2023-08-14T21:38:52+00:00","dateModified":"2026-02-03T02:31:19+00:00","breadcrumb":{"@id":"https:\/\/thebreakthruco.com\/es\/producto\/the-foundation\/#breadcrumb"},"inLanguage":"es","potentialAction":[{"@type":"ReadAction","target":["https:\/\/thebreakthruco.com\/es\/producto\/the-foundation\/"]}]},{"@type":"ImageObject","inLanguage":"es","@id":"https:\/\/thebreakthruco.com\/es\/producto\/the-foundation\/#primaryimage","url":"https:\/\/thebreakthruco.com\/wp-content\/uploads\/2025\/09\/The-Foundation.png","contentUrl":"https:\/\/thebreakthruco.com\/wp-content\/uploads\/2025\/09\/The-Foundation.png","width":866,"height":605},{"@type":"BreadcrumbList","@id":"https:\/\/thebreakthruco.com\/es\/producto\/the-foundation\/#breadcrumb","itemListElement":[{"@type":"ListItem","position":1,"name":"Home","item":"https:\/\/thebreakthruco.com\/es\/inicio\/"},{"@type":"ListItem","position":2,"name":"Tienda","item":"https:\/\/thebreakthruco.com\/es\/tienda\/"},{"@type":"ListItem","position":3,"name":"The Foundation"}]},{"@type":"WebSite","@id":"https:\/\/thebreakthruco.com\/es\/#website","url":"https:\/\/thebreakthruco.com\/es\/","name":"The Breakthru Company","description":"Forget everything you\u2019ve learned about auditioning.","publisher":{"@id":"https:\/\/thebreakthruco.com\/es\/#organization"},"potentialAction":[{"@type":"SearchAction","target":{"@type":"EntryPoint","urlTemplate":"https:\/\/thebreakthruco.com\/es\/?s={search_term_string}"},"query-input":{"@type":"PropertyValueSpecification","valueRequired":true,"valueName":"search_term_string"}}],"inLanguage":"es"},{"@type":"Organization","@id":"https:\/\/thebreakthruco.com\/es\/#organization","name":"The Breakthru Company","url":"https:\/\/thebreakthruco.com\/es\/","logo":{"@type":"ImageObject","inLanguage":"es","@id":"https:\/\/thebreakthruco.com\/es\/#\/schema\/logo\/image\/","url":"https:\/\/thebreakthruco.com\/wp-content\/uploads\/2025\/10\/TBTC-Featured-Image.png","contentUrl":"https:\/\/thebreakthruco.com\/wp-content\/uploads\/2025\/10\/TBTC-Featured-Image.png","width":1920,"height":1080,"caption":"The Breakthru Company"},"image":{"@id":"https:\/\/thebreakthruco.com\/es\/#\/schema\/logo\/image\/"}}]}},"_links":{"self":[{"href":"https:\/\/thebreakthruco.com\/es\/wp-json\/wp\/v2\/product\/7128","targetHints":{"allow":["GET"]}}],"collection":[{"href":"https:\/\/thebreakthruco.com\/es\/wp-json\/wp\/v2\/product"}],"about":[{"href":"https:\/\/thebreakthruco.com\/es\/wp-json\/wp\/v2\/types\/product"}],"wp:featuredmedia":[{"embeddable":true,"href":"https:\/\/thebreakthruco.com\/es\/wp-json\/wp\/v2\/media\/7129"}],"wp:attachment":[{"href":"https:\/\/thebreakthruco.com\/es\/wp-json\/wp\/v2\/media?parent=7128"}],"wp:term":[{"taxonomy":"product_brand","embeddable":true,"href":"https:\/\/thebreakthruco.com\/es\/wp-json\/wp\/v2\/product_brand?post=7128"},{"taxonomy":"product_cat","embeddable":true,"href":"https:\/\/thebreakthruco.com\/es\/wp-json\/wp\/v2\/product_cat?post=7128"},{"taxonomy":"product_tag","embeddable":true,"href":"https:\/\/thebreakthruco.com\/es\/wp-json\/wp\/v2\/product_tag?post=7128"}],"curies":[{"name":"wp","href":"https:\/\/api.w.org\/{rel}","templated":true}]}}